{"id":9,"date":"2026-03-25T20:55:12","date_gmt":"2026-03-25T20:55:12","guid":{"rendered":"http:\/\/www.arou.net\/?page_id=9"},"modified":"2026-04-08T21:16:38","modified_gmt":"2026-04-08T20:16:38","slug":"9-2","status":"publish","type":"page","link":"https:\/\/www.arou.net\/","title":{"rendered":"Arou"},"content":{"rendered":"\n<div class=\"wp-block-group alignfull has-base-2-background-color has-background has-global-padding is-layout-constrained wp-container-core-group-is-layout-669513ed wp-block-group-is-layout-constrained\" style=\"margin-top:0;margin-bottom:0;padding-top:var(--wp--preset--spacing--50);padding-right:var(--wp--preset--spacing--50);padding-bottom:var(--wp--preset--spacing--50);padding-left:var(--wp--preset--spacing--50)\">\n<div class=\"wp-block-columns alignwide is-layout-flex wp-container-core-columns-is-layout-1da03c2a wp-block-columns-is-layout-flex\">\n<div class=\"wp-block-column is-vertically-aligned-stretch is-layout-flow wp-block-column-is-layout-flow\" style=\"flex-basis:50%\">\n<div class=\"wp-block-group is-vertical is-content-justification-stretch is-layout-flex wp-container-core-group-is-layout-444d5ee8 wp-block-group-is-layout-flex\" style=\"min-height:100%\">\n<p class=\"has-heading-font-family has-x-large-font-size\" style=\"line-height:1.2\">Une collection de livres pour sentir le monde<\/p>\n\n\n\n<p class=\"has-body-font-family has-medium-font-size\" style=\"line-height:1.2\">Avant les mots, il y a les sensations.<br>Arou sent, touche, \u00e9coute, go\u00fbte.<br>Il s\u2019arr\u00eate. Il regarde. Il se r\u00e9gale.<br>Des histoires courtes et douces,<br>pour habiter le monde avec tout son corps.<\/p>\n\n\n\n<p class=\"has-body-font-family has-medium-font-size\" style=\"line-height:1.2\"><\/p>\n\n\n\n<p class=\"has-body-font-family has-medium-font-size\" style=\"line-height:1.2\"><\/p>\n<\/div>\n<\/div>\n\n\n\n<div class=\"wp-block-column is-vertically-aligned-center is-layout-flow wp-block-column-is-layout-flow\" style=\"flex-basis:50%\">\n<figure class=\"wp-block-image size-full is-style-rounded is-style-rounded--1\"><img loading=\"lazy\" decoding=\"async\" width=\"876\" height=\"788\" src=\"http:\/\/www.arou.net\/wp-content\/uploads\/2026\/03\/BENECH-AROU-vent-00-couv.jpg\" alt=\"\" class=\"wp-image-11\" style=\"aspect-ratio:3\/4;object-fit:cover\" srcset=\"https:\/\/www.arou.net\/wp-content\/uploads\/2026\/03\/BENECH-AROU-vent-00-couv.jpg 876w, https:\/\/www.arou.net\/wp-content\/uploads\/2026\/03\/BENECH-AROU-vent-00-couv-300x270.jpg 300w, https:\/\/www.arou.net\/wp-content\/uploads\/2026\/03\/BENECH-AROU-vent-00-couv-768x691.jpg 768w\" sizes=\"auto, (max-width: 876px) 100vw, 876px\" \/><\/figure>\n<\/div>\n<\/div>\n<\/div>\n\n\n\n<div class=\"wp-block-group alignfull has-background has-global-padding is-layout-constrained wp-container-core-group-is-layout-d89aad35 wp-block-group-is-layout-constrained\" style=\"background-color:#fff763;margin-top:0;margin-bottom:0;padding-top:var(--wp--preset--spacing--50);padding-right:var(--wp--preset--spacing--50);padding-bottom:var(--wp--preset--spacing--50);padding-left:var(--wp--preset--spacing--50)\">\n<div class=\"wp-block-columns alignwide is-layout-flex wp-container-core-columns-is-layout-549b0c86 wp-block-columns-is-layout-flex\">\n<div class=\"wp-block-column is-layout-flow wp-container-core-column-is-layout-119bc444 wp-block-column-is-layout-flow\" style=\"flex-basis:60%\">\n<p class=\"has-heading-font-family has-x-large-font-size\" style=\"line-height:1.2\">Qui est Arou ?<\/p>\n\n\n\n<div class=\"wp-block-columns is-layout-flex wp-container-core-columns-is-layout-87beb0d0 wp-block-columns-is-layout-flex\">\n<div class=\"wp-block-column is-layout-flow wp-block-column-is-layout-flow\">\n<p class=\"wp-container-content-9cfa9a5a\">Arou est un petit personnage en forme d\u2019\u00e9toile, tout jaune, simple \u00e0 reconna\u00eetre, simple \u00e0 aimer. Arou est un enfant qui sent le monde avec tout son corps. Il est joyeux, gourmand, curieux.<\/p>\n\n\n\n<p><\/p>\n<\/div>\n<\/div>\n<\/div>\n<\/div>\n<\/div>\n\n\n\n<div class=\"wp-block-group alignfull has-base-2-background-color has-background has-global-padding is-layout-constrained wp-container-core-group-is-layout-d89aad35 wp-block-group-is-layout-constrained\" style=\"margin-top:0;margin-bottom:0;padding-top:var(--wp--preset--spacing--50);padding-right:var(--wp--preset--spacing--50);padding-bottom:var(--wp--preset--spacing--50);padding-left:var(--wp--preset--spacing--50)\">\n<div class=\"wp-block-columns alignwide is-layout-flex wp-container-core-columns-is-layout-1da03c2a wp-block-columns-is-layout-flex\">\n<div class=\"wp-block-column is-vertically-aligned-center is-layout-flow wp-block-column-is-layout-flow\" style=\"flex-basis:60%\">\n<figure class=\"wp-block-image size-large\"><img loading=\"lazy\" decoding=\"async\" width=\"1024\" height=\"597\" src=\"https:\/\/www.arou.net\/wp-content\/uploads\/2026\/03\/BENECH-AROU-vent-07-2-1024x597.jpg\" alt=\"\" class=\"wp-image-61\" srcset=\"https:\/\/www.arou.net\/wp-content\/uploads\/2026\/03\/BENECH-AROU-vent-07-2-1024x597.jpg 1024w, https:\/\/www.arou.net\/wp-content\/uploads\/2026\/03\/BENECH-AROU-vent-07-2-300x175.jpg 300w, https:\/\/www.arou.net\/wp-content\/uploads\/2026\/03\/BENECH-AROU-vent-07-2-768x448.jpg 768w, https:\/\/www.arou.net\/wp-content\/uploads\/2026\/03\/BENECH-AROU-vent-07-2-1320x769.jpg 1320w, https:\/\/www.arou.net\/wp-content\/uploads\/2026\/03\/BENECH-AROU-vent-07-2.jpg 1352w\" sizes=\"auto, (max-width: 1024px) 100vw, 1024px\" \/><\/figure>\n<\/div>\n\n\n\n<div class=\"wp-block-column is-layout-flow wp-block-column-is-layout-flow\" style=\"flex-basis:40%\">\n<h2 class=\"wp-block-heading\">Le projet<\/h2>\n\n\n\n<p>La collection est en cours de cr\u00e9ation. <br>Les premiers livres arrivent bient\u00f4t.<\/p>\n\n\n\n<ul class=\"wp-block-list\">\n<li>Arou et le vent<\/li>\n\n\n\n<li>Arou et les petits cailloux<\/li>\n\n\n\n<li>Arou et doudou<\/li>\n\n\n\n<li>Arou et le pain &#8230;<\/li>\n<\/ul>\n<\/div>\n<\/div>\n<\/div>\n\n\n\n<div class=\"wp-block-group alignfull has-background has-global-padding is-layout-constrained wp-container-core-group-is-layout-d89aad35 wp-block-group-is-layout-constrained\" style=\"background-color:#fff262;margin-top:0;margin-bottom:0;padding-top:var(--wp--preset--spacing--50);padding-right:var(--wp--preset--spacing--50);padding-bottom:var(--wp--preset--spacing--50);padding-left:var(--wp--preset--spacing--50)\">\n<div class=\"wp-block-group alignwide has-base-2-background-color has-background has-global-padding is-layout-constrained wp-container-core-group-is-layout-39412042 wp-block-group-is-layout-constrained\" style=\"border-radius:16px;padding-top:var(--wp--preset--spacing--40);padding-right:var(--wp--preset--spacing--50);padding-bottom:var(--wp--preset--spacing--40);padding-left:var(--wp--preset--spacing--50)\">\n<div style=\"height:var(--wp--preset--spacing--10)\" aria-hidden=\"true\" class=\"wp-block-spacer\"><\/div>\n\n\n\n<h2 class=\"wp-block-heading has-text-align-center has-x-large-font-size\">Recevez des nouvelles de Arou ! <\/h2>\n\n\n\n<p class=\"has-text-align-center\">Abonnez-vous \u00e0 la newsletter :<\/p>\n\n\n\n<div class=\"wp-block-buttons is-content-justification-center is-layout-flex wp-container-core-buttons-is-layout-a89b3969 wp-block-buttons-is-layout-flex\">\n<div class=\"wp-block-button\"><a class=\"wp-block-button__link wp-element-button\" href=\"https:\/\/www.arou.net\/index.php\/newsletter\/\">S\u2019inscrire<\/a><\/div>\n<\/div>\n\n\n\n<div style=\"height:var(--wp--preset--spacing--10)\" aria-hidden=\"true\" class=\"wp-block-spacer\"><\/div>\n<\/div>\n<\/div>\n\n\n\n<div class=\"wp-block-group alignfull has-base-2-background-color has-background has-global-padding is-layout-constrained wp-container-core-group-is-layout-d89aad35 wp-block-group-is-layout-constrained\" style=\"margin-top:0;margin-bottom:0;padding-top:var(--wp--preset--spacing--50);padding-right:var(--wp--preset--spacing--50);padding-bottom:var(--wp--preset--spacing--50);padding-left:var(--wp--preset--spacing--50)\">\n<div class=\"wp-block-columns alignwide is-layout-flex wp-container-core-columns-is-layout-1da03c2a wp-block-columns-is-layout-flex\">\n<div class=\"wp-block-column is-vertically-aligned-center is-layout-flow wp-block-column-is-layout-flow\" style=\"flex-basis:60%\">\n<figure class=\"wp-block-image size-full is-resized is-style-rounded wp-duotone-unset-3 is-style-rounded--2\"><img loading=\"lazy\" decoding=\"async\" width=\"2466\" height=\"2524\" src=\"https:\/\/www.arou.net\/wp-content\/uploads\/2026\/03\/20240605_135114-copie2.jpg\" alt=\"Caroline Benech - portrait\" class=\"wp-image-91\" style=\"aspect-ratio:1;object-fit:cover;width:500px\" srcset=\"https:\/\/www.arou.net\/wp-content\/uploads\/2026\/03\/20240605_135114-copie2.jpg 2466w, https:\/\/www.arou.net\/wp-content\/uploads\/2026\/03\/20240605_135114-copie2-293x300.jpg 293w, https:\/\/www.arou.net\/wp-content\/uploads\/2026\/03\/20240605_135114-copie2-1000x1024.jpg 1000w, https:\/\/www.arou.net\/wp-content\/uploads\/2026\/03\/20240605_135114-copie2-768x786.jpg 768w, https:\/\/www.arou.net\/wp-content\/uploads\/2026\/03\/20240605_135114-copie2-1501x1536.jpg 1501w, https:\/\/www.arou.net\/wp-content\/uploads\/2026\/03\/20240605_135114-copie2-2001x2048.jpg 2001w, https:\/\/www.arou.net\/wp-content\/uploads\/2026\/03\/20240605_135114-copie2-1320x1351.jpg 1320w\" sizes=\"auto, (max-width: 2466px) 100vw, 2466px\" \/><\/figure>\n<\/div>\n\n\n\n<div class=\"wp-block-column is-layout-flow wp-block-column-is-layout-flow\" style=\"flex-basis:40%\">\n<h2 class=\"wp-block-heading\">Caroline Benech<\/h2>\n\n\n\n<p>Auteure-illustratrice et m\u00e8re de trois enfants, j\u2019explore depuis toujours la fa\u00e7on dont les tout-petits touchent, sentent, \u00e9coutent et s\u2019\u00e9merveillent du r\u00e9el.<br>La collection AROU est n\u00e9e de ces moments simples, observ\u00e9s chaque jour.<br>Form\u00e9e \u00e0 Penninghen et forte de vingt ans de direction artistique, je cr\u00e9e aujourd\u2019hui des histoires sensorielles pour les tout-petits.<\/p>\n<\/div>\n<\/div>\n<\/div>\n","protected":false},"excerpt":{"rendered":"<p>Une collection de livres pour sentir le monde Avant les mots, il y a les sensations.Arou sent, touche, \u00e9coute, go\u00fbte.Il s\u2019arr\u00eate. Il regarde. Il se r\u00e9gale.Des histoires courtes et douces,pour habiter le monde avec tout son corps. Qui est Arou ? Arou est un petit personnage en forme d\u2019\u00e9toile, tout jaune, simple \u00e0 reconna\u00eetre, simple [&hellip;]<\/p>\n","protected":false},"author":1,"featured_media":0,"parent":0,"menu_order":0,"comment_status":"closed","ping_status":"closed","template":"","meta":{"footnotes":""},"class_list":["post-9","page","type-page","status-publish","hentry"],"_links":{"self":[{"href":"https:\/\/www.arou.net\/index.php\/wp-json\/wp\/v2\/pages\/9","targetHints":{"allow":["GET"]}}],"collection":[{"href":"https:\/\/www.arou.net\/index.php\/wp-json\/wp\/v2\/pages"}],"about":[{"href":"https:\/\/www.arou.net\/index.php\/wp-json\/wp\/v2\/types\/page"}],"author":[{"embeddable":true,"href":"https:\/\/www.arou.net\/index.php\/wp-json\/wp\/v2\/users\/1"}],"replies":[{"embeddable":true,"href":"https:\/\/www.arou.net\/index.php\/wp-json\/wp\/v2\/comments?post=9"}],"version-history":[{"count":38,"href":"https:\/\/www.arou.net\/index.php\/wp-json\/wp\/v2\/pages\/9\/revisions"}],"predecessor-version":[{"id":102,"href":"https:\/\/www.arou.net\/index.php\/wp-json\/wp\/v2\/pages\/9\/revisions\/102"}],"wp:attachment":[{"href":"https:\/\/www.arou.net\/index.php\/wp-json\/wp\/v2\/media?parent=9"}],"curies":[{"name":"wp","href":"https:\/\/api.w.org\/{rel}","templated":true}]}}