{"id":34,"date":"2026-03-26T10:58:50","date_gmt":"2026-03-26T09:58:50","guid":{"rendered":"https:\/\/www.arou.net\/?page_id=34"},"modified":"2026-03-26T10:59:54","modified_gmt":"2026-03-26T09:59:54","slug":"newsletter","status":"publish","type":"page","link":"https:\/\/www.arou.net\/index.php\/newsletter\/","title":{"rendered":"newsletter"},"content":{"rendered":"  \n  \n  <div class=\"\n    mailpoet_form_popup_overlay\n      \"><\/div>\n  <div\n    id=\"mailpoet_form_1\"\n    class=\"\n      mailpoet_form\n      mailpoet_form_html\n      mailpoet_form_position_\n      mailpoet_form_animation_\n    \"\n      >\n\n    <style type=\"text\/css\">\n     #mailpoet_form_1 .mailpoet_form {  }\n#mailpoet_form_1 form { margin-bottom: 0; }\n#mailpoet_form_1 h1.mailpoet-heading { margin: 0 0 20px; }\n#mailpoet_form_1 p.mailpoet_form_paragraph.last { margin-bottom: 5px; }\n#mailpoet_form_1 .mailpoet_column_with_background { padding: 10px; }\n#mailpoet_form_1 .mailpoet_form_column:not(:first-child) { margin-left: 20px; }\n#mailpoet_form_1 .mailpoet_paragraph { line-height: 20px; margin-bottom: 20px; }\n#mailpoet_form_1 .mailpoet_segment_label, #mailpoet_form_1 .mailpoet_text_label, #mailpoet_form_1 .mailpoet_textarea_label, #mailpoet_form_1 .mailpoet_select_label, #mailpoet_form_1 .mailpoet_radio_label, #mailpoet_form_1 .mailpoet_checkbox_label, #mailpoet_form_1 .mailpoet_list_label, #mailpoet_form_1 .mailpoet_date_label { display: block; font-weight: normal; }\n#mailpoet_form_1 .mailpoet_text, #mailpoet_form_1 .mailpoet_textarea, #mailpoet_form_1 .mailpoet_select, #mailpoet_form_1 .mailpoet_date_month, #mailpoet_form_1 .mailpoet_date_day, #mailpoet_form_1 .mailpoet_date_year, #mailpoet_form_1 .mailpoet_date { display: block; }\n#mailpoet_form_1 .mailpoet_text, #mailpoet_form_1 .mailpoet_textarea { width: 200px; }\n#mailpoet_form_1 .mailpoet_checkbox {  }\n#mailpoet_form_1 .mailpoet_submit {  }\n#mailpoet_form_1 .mailpoet_divider {  }\n#mailpoet_form_1 .mailpoet_message {  }\n#mailpoet_form_1 .mailpoet_form_loading { width: 30px; text-align: center; line-height: normal; }\n#mailpoet_form_1 .mailpoet_form_loading > span { width: 5px; height: 5px; background-color: #5b5b5b; }#mailpoet_form_1{border-radius: 16px;background: #ffffff;color: #313131;text-align: left;}#mailpoet_form_1 form.mailpoet_form {padding: 20px;}#mailpoet_form_1{width: 100%;}#mailpoet_form_1 .mailpoet_message {margin: 0; padding: 0 20px;}\n        #mailpoet_form_1 .mailpoet_validate_success {color: #00d084}\n        #mailpoet_form_1 input.parsley-success {color: #00d084}\n        #mailpoet_form_1 select.parsley-success {color: #00d084}\n        #mailpoet_form_1 textarea.parsley-success {color: #00d084}\n      \n        #mailpoet_form_1 .mailpoet_validate_error {color: #cf2e2e}\n        #mailpoet_form_1 input.parsley-error {color: #cf2e2e}\n        #mailpoet_form_1 select.parsley-error {color: #cf2e2e}\n        #mailpoet_form_1 textarea.textarea.parsley-error {color: #cf2e2e}\n        #mailpoet_form_1 .parsley-errors-list {color: #cf2e2e}\n        #mailpoet_form_1 .parsley-required {color: #cf2e2e}\n        #mailpoet_form_1 .parsley-custom-error-message {color: #cf2e2e}\n      #mailpoet_form_1 .mailpoet_paragraph.last {margin-bottom: 0} @media (max-width: 500px) {#mailpoet_form_1 {background: #ffffff;}} @media (min-width: 500px) {#mailpoet_form_1 .last .mailpoet_paragraph:last-child {margin-bottom: 0}}  @media (max-width: 500px) {#mailpoet_form_1 .mailpoet_form_column:last-child .mailpoet_paragraph:last-child {margin-bottom: 0}} \n    <\/style>\n\n    <form\n      target=\"_self\"\n      method=\"post\"\n      action=\"https:\/\/www.arou.net\/wp-admin\/admin-post.php?action=mailpoet_subscription_form\"\n      class=\"mailpoet_form mailpoet_form_form mailpoet_form_html\"\n      novalidate\n      data-delay=\"\"\n      data-exit-intent-enabled=\"\"\n      data-font-family=\"\"\n      data-cookie-expiration-time=\"\"\n    >\n      <input type=\"hidden\" name=\"data[form_id]\" value=\"1\" \/>\n      <input type=\"hidden\" name=\"token\" value=\"f46c7b203e\" \/>\n      <input type=\"hidden\" name=\"api_version\" value=\"v1\" \/>\n      <input type=\"hidden\" name=\"endpoint\" value=\"subscribers\" \/>\n      <input type=\"hidden\" name=\"mailpoet_method\" value=\"subscribe\" \/>\n\n      <label class=\"mailpoet_hp_email_label\" style=\"display: none !important;\">Veuillez laisser ce champ vide<input type=\"email\" name=\"data[email]\"\/><\/label><div class=\"mailpoet_form_image\"><figure class=\"size-full aligncenter\"><img decoding=\"async\" src=\"https:\/\/www.arou.net\/wp-content\/uploads\/2026\/03\/IMG_1407-copie5.jpg\" alt class=\"wp-image-21\" srcset=\"https:\/\/www.arou.net\/wp-content\/uploads\/2026\/03\/IMG_1407-copie5.jpg 578w, https:\/\/www.arou.net\/wp-content\/uploads\/2026\/03\/IMG_1407-copie5-300x300.jpg 300w, https:\/\/www.arou.net\/wp-content\/uploads\/2026\/03\/IMG_1407-copie5-150x150.jpg 150w\" width=126 height=0 style=\"width: 126px;height: 0px\"><\/figure><\/div>\n<h1 class=\"mailpoet-heading  mailpoet-has-font-size\" style=\"text-align: center; color: #313131; font-size: 27px; line-height: 1.2\"><span style=\"font-family: Arial\" data-font=\"Arial\" class=\"mailpoet-has-font\">La newsletter de Arou<\/span><\/h1>\n<div class=\"mailpoet_paragraph \"><style>input[name=\"data[form_field_NDhhMDQ1MTc1NTFjX2VtYWls]\"]::placeholder{color:#abb8c3;opacity: 1;}<\/style><input type=\"email\" autocomplete=\"email\" class=\"mailpoet_text\" id=\"form_email_1\" name=\"data[form_field_NDhhMDQ1MTc1NTFjX2VtYWls]\" title=\"Adresse e-mail\" value=\"\" style=\"width:100%;box-sizing:border-box;background-color:#eeeeee;border-style:solid;border-radius:8px !important;border-width:0px;border-color:#313131;padding:16px;margin: 0 auto 0 0;font-family:&#039;Montserrat&#039;;font-size:20px;line-height:1.5;height:auto;color:#abb8c3;\" data-automation-id=\"form_email\"  placeholder=\"Adresse e-mail *\" aria-label=\"Adresse e-mail *\" data-parsley-errors-container=\".mailpoet_error_1hrdm\" data-parsley-required=\"true\" required aria-required=\"true\" data-parsley-minlength=\"6\" data-parsley-maxlength=\"150\" data-parsley-type-message=\"Cette valeur doit \u00eatre un e-mail valide.\" data-parsley-required-message=\"Ce champ est n\u00e9cessaire.\"\/><span class=\"mailpoet_error_1hrdm\"><\/span><\/div>\n<div class=\"mailpoet_paragraph \"><input type=\"submit\" class=\"mailpoet_submit\" value=\"inscrivez-vous !\" data-automation-id=\"subscribe-submit-button\" data-font-family='Montserrat' style=\"width:100%;box-sizing:border-box;background-color:#000000;border-style:solid;border-radius:8px !important;border-width:0px;padding:16px;margin: 0 auto 0 0;font-family:&#039;Montserrat&#039;;font-size:20px;line-height:1.5;height:auto;color:#ffd456;border-color:transparent;font-weight:bold;\" \/><span class=\"mailpoet_form_loading\"><span class=\"mailpoet_bounce1\"><\/span><span class=\"mailpoet_bounce2\"><\/span><span class=\"mailpoet_bounce3\"><\/span><\/span><\/div>\n<p class=\"mailpoet_form_paragraph  mailpoet-has-font-size\" style=\"text-align: center; font-size: 13px; line-height: 1.5\"><em><span style=\"font-family: Montserrat\" data-font=\"Montserrat\" class=\"mailpoet-has-font\">Consultez notre <a href=\"#\">politique de confidentialit\u00e9<\/a> pour plus d\u2019informations.<\/span><\/em><\/p>\n\n      <div class=\"mailpoet_message\">\n        <p class=\"mailpoet_validate_success\"\n                style=\"display:none;\"\n                >V\u00e9rifiez votre boite de r\u00e9ception ou votre r\u00e9pertoire d\u2019ind\u00e9sirables pour confirmer votre abonnement.\n        <\/p>\n        <p class=\"mailpoet_validate_error\"\n                style=\"display:none;\"\n                >        <\/p>\n      <\/div>\n    <\/form>\n\n      <\/div>\n\n  ","protected":false},"excerpt":{"rendered":"","protected":false},"author":1,"featured_media":0,"parent":0,"menu_order":0,"comment_status":"closed","ping_status":"closed","template":"","meta":{"footnotes":""},"class_list":["post-34","page","type-page","status-publish","hentry"],"_links":{"self":[{"href":"https:\/\/www.arou.net\/index.php\/wp-json\/wp\/v2\/pages\/34","targetHints":{"allow":["GET"]}}],"collection":[{"href":"https:\/\/www.arou.net\/index.php\/wp-json\/wp\/v2\/pages"}],"about":[{"href":"https:\/\/www.arou.net\/index.php\/wp-json\/wp\/v2\/types\/page"}],"author":[{"embeddable":true,"href":"https:\/\/www.arou.net\/index.php\/wp-json\/wp\/v2\/users\/1"}],"replies":[{"embeddable":true,"href":"https:\/\/www.arou.net\/index.php\/wp-json\/wp\/v2\/comments?post=34"}],"version-history":[{"count":2,"href":"https:\/\/www.arou.net\/index.php\/wp-json\/wp\/v2\/pages\/34\/revisions"}],"predecessor-version":[{"id":36,"href":"https:\/\/www.arou.net\/index.php\/wp-json\/wp\/v2\/pages\/34\/revisions\/36"}],"wp:attachment":[{"href":"https:\/\/www.arou.net\/index.php\/wp-json\/wp\/v2\/media?parent=34"}],"curies":[{"name":"wp","href":"https:\/\/api.w.org\/{rel}","templated":true}]}}